{"id":11752,"date":"2019-12-02T11:28:13","date_gmt":"2019-12-02T10:28:13","guid":{"rendered":"http:\/\/www.bauz.at\/?page_id=11752"},"modified":"2020-01-28T10:08:33","modified_gmt":"2020-01-28T09:08:33","slug":"wednesday-19-february-2020-2","status":"publish","type":"page","link":"https:\/\/www.bauz.at\/en\/wednesday-19-february-2020-2\/","title":{"rendered":"Wednesday, 19 February 2020"},"content":{"rendered":"\r\n<table class=\"wp-block-table\"><tbody><tr><td style=\"background-color: #de6666; padding-left: 10px; height: 12px; width: 624px;\">9:00 &#8211; 17:00&nbsp;<strong>Architecture field trip. <\/strong>Guide: Ulla Unzeitig, <a href=\"https:\/\/openhouse-wien.at\/en\/\" target=\"_blank\" rel=\"noreferrer noopener\">Open House Vienna<\/a><\/td><\/tr><tr><td>Our architecture field trip provides you with best practice examples as well as unique Viennese building projects and urban developments. Ticket for public transport required!<\/td><\/tr><\/tbody><\/table><\/table>\r\n\r\n\r\n\r\n<figure class=\"wp-block-table\"><table class=\"\"><tbody><tr><td>08:30<\/td><td>Meeting point U2 Messe\/Prater metro stop, exit &#8220;Messe&#8221;<\/td><\/tr><tr><td>09:15<\/td><td>Treffpunkt: Schanzstra\u00dfe 14, 1150 Wien. Zufahrt: U3 Johnstra\u00dfe, Ausgang H\u00fctteldorferstra\u00dfe, Fu\u00dfweg <\/td><\/tr><tr><td>09:15<\/td><td><strong><a rel=\"noreferrer noopener\" href=\"https:\/\/www.schanz14.com\">Schanzstra\u00dfe 14<\/a><\/strong>, Schanzstra\u00dfe 14, 1150 Vienna<br>Refurbishment 2015-2018. Architects:&nbsp;<a rel=\"noreferrer noopener\" href=\"http:\/\/www.ostertagarchitekten.at\">ostertag ARCHITECTS<\/a>&nbsp;, Vienna<br>The former&nbsp;<em>Dorotheum<\/em>  auction house, a listed building, located in Rudolfsheim-F\u00fcnfhaus (Vienna&#8217;s 15<sup>th<\/sup>&nbsp;municipal district) that underwent general refurbishment from 2015 to 2018 houses 12 different office spaces, an art depot and a restaurant.&nbsp;<br>In 2019, the project was awarded the State Prize for Architecture and Sustainability and the City of Vienna Urban Renewal Prize for the mindful and authentic refurbishment with special attention to energy efficiency and durability.&nbsp;<\/td><\/tr><tr><td>10:30<\/td><td><strong><a rel=\"noreferrer noopener\" href=\"https:\/\/www.baukult.at\/projects-item\/felber\/\" target=\"_blank\">Paradiesvogel auf Erden<\/a><\/strong> [<strong>Bird of paradise on earth<\/strong>], Felberstra\u00dfe 56, 1150 Vienna<br>New construction 2019-2020. Architects:&nbsp;<a rel=\"noreferrer noopener\" href=\"https:\/\/www.baukult.at\/\" target=\"_blank\">baukult<\/a>, Vienna&nbsp;<br>Modular timber construction for a climate-friendly addition of storeys and redensification. &nbsp;<br>At the highest point of Felberstrasse, the one-of-a-kind&nbsp;<em>&#8220;Paradiesvogel&#8221;<\/em>&nbsp;(Bird of Paradise) project is currently being built. This two-storey roof superstructure involves the skillful combination of massive timber elements and visible steel  constructions. Using wide-span&nbsp;<em>kielsteg<\/em> &nbsp;roof elements, new spatial standards for urban timber construction are set. Expanse, a wide view, and ample space are being guaranteed. At the same time, the building is undergoing refurbishment from top to bottom to live up to current demands. Accordingly, a new elevator and a barrier-free ramp are being built in.<\/td><\/tr><tr><td>11:45<\/td><td><strong><a href=\"https:\/\/dieangewandte.at\/universitaet\/standorte\/standort_detail?standort_id=1462559453193\">University of Applied Arts<\/a><\/strong>, Vordere Zollamtsstrasse 7, 1030 Vienna<br>Refurbishment 2015-2018. Architects:&nbsp;<a rel=\"noreferrer noopener\" href=\"https:\/\/rieplkaufmannbammer.at\" target=\"_blank\">Riepl Kaufmann Bammer Architektur<\/a>.&nbsp;<br>The hermetic internal structure of the former customs office building is being opened up to allow for a tangible experience. Parts that are superfluous in terms of structure and space are removed and new indoor situations are being created. This allows for generous interior width that is commensurate with the type of use and ensures a high amenity value.<\/td><\/tr><tr><td>13:00<\/td><td>Lunch &nbsp;(at your own expense):&nbsp;<a rel=\"noreferrer noopener\" href=\"https:\/\/www.gmoakeller.at\ufeff\" target=\"_blank\">Gmoakeller<\/a>, Am Heumarkt 25, 1030 Vienna<\/td><\/tr><tr><td>15:00<\/td><td>&nbsp;<strong><a rel=\"noreferrer noopener\" href=\"https:\/\/gleis21.wien\" target=\"_blank\">Gleis 21<\/a><\/strong>, Bloch-Bauer-Promenade 22, 1100 Vienna<br>New construction, completion: 2019. Architects:&nbsp;<a rel=\"noreferrer noopener\" href=\"https:\/\/www.einszueins.at\" target=\"_blank\">einszueins architektur<\/a>.<br>The joint project &#8220;Gleis 21&#8221; sets the course for the dream of a &#8220;different&#8221; kind of housing and brings a village feel to the city. In addition to individual housing units, a versatile cultural space is being created&nbsp;that constitutes an agora for the new neighborhood.<\/td><\/tr><tr><td>16:00<\/td><td><a rel=\"noreferrer noopener\" href=\"https:\/\/www.mio.wien\/\" target=\"_blank\"><strong>Quartiershaus MIO&nbsp;<\/strong><\/a>, Adele Bloch-Bauer-Promenade 20, 1100 Vienna<br>New construction, completion: 2019. Urban Upgrade process:&nbsp;<a rel=\"noreferrer noopener\" href=\"https:\/\/www.wohnbund.at\/wp\/urban-upgrade-call\/\" target=\"_blank\">Wohnbund:consult<\/a>&nbsp;<br>Architects:&nbsp;<a rel=\"noreferrer noopener\" href=\"https:\/\/www.vlst.at\" target=\"_blank\">StudioVlayStreeruwitz<\/a>.<br>MIO is a versatile neighborhood center combining living and working. A facilitated Urban Upgrade process provides a myriad of possibilities for co-determination and creates synergies between the tradespeople that are going to move into the center.<br>The&nbsp;<strong><a rel=\"noreferrer noopener\" href=\"https:\/\/www.urbanupgrade.at\/\" target=\"_blank\">Urban Upgrade<\/a><\/strong> process idea is to combine the utilization of ground floor zones, Urban Manufacturing, and tenant participation in a new neighborhood center located in Vienna&#8217;s Sonnwendviertel. Urban Upgrade constitutes a special service for start-ups, small businesses, one-person businesses, SME\u2026, interested in the commercial spaces in the&nbsp;<strong>Quartiershaus MIO<\/strong> neighborhood center. A special kind of business community is being developed in the emerging and burgeoning Sonnwendviertel-Ost neighborhood in Vienna. Entirely in line with the motto &#8220;Small fish, big nets&#8221;, a vibrant business community and a varied offer are to be created here for the Sonnwendviertel neighborhood and for the entire municipal district of Favoriten. The experiences gathered in the course of this pioneering project are to be turned into a transferable process that can also be used for follow-up projects, i.e. an &#8220;Urban Upgrade&#8221; suitable for various requirements and locations! The project is subsidized by&nbsp;<strong><a rel=\"noreferrer noopener\" href=\"https:\/\/wirtschaftsagentur.at\/\" target=\"_blank\">Wirtschaftsagentur Wien<\/a><\/strong> , the Vienna Business Agency.<\/td><\/tr><tr><td>17:00<\/td><td>End of the field trip. Return to &#8220;Messe&#8221;: Tram D, change U2 Schottentor \u2013 or \u2013 U1 Keplerplatz, change U2 Praterstern<\/td><\/tr><\/tbody><\/table><\/figure>\r\n\r\n\r\n\r\n<table class=\"wp-block-table is-style-stripes\"><tbody><tr><td style=\"background-color: #de6666; padding-left: 10px; height: 24px;\"><strong>19:00 Reception of the Embassy of Finland, Vienna: &#8220;Finland leads the way towards circular economy&#8221; (on invitation)<\/strong><\/td><\/tr><tr><\/tr><\/tbody><\/table>\r\n\r\n\r\n\r\n<p>Programme subject to changes!<\/p>\r\n","protected":false},"excerpt":{"rendered":"<p>9:00 &#8211; 17:00&nbsp;Architecture field trip. Guide: Ulla Unzeitig, Open House Vienna Our architecture field trip provides you with best practice examples as well as unique Viennese building projects and urban developments. Ticket for public transport required! 08:30 Meeting point U2 Messe\/Prater metro stop, exit &#8220;Messe&#8221; 09:15 Treffpunkt: Schanzstra\u00dfe 14, 1150 Wien. Zufahrt: U3 Johnstra\u00dfe, Ausgang [&hellip;]<\/p>\n","protected":false},"author":5,"featured_media":0,"parent":0,"menu_order":0,"comment_status":"closed","ping_status":"closed","template":"","meta":{"footnotes":""},"class_list":["post-11752","page","type-page","status-publish","hentry"],"yoast_head":"<!-- This site is optimized with the Yoast SEO plugin v27.3 - https:\/\/yoast.com\/product\/yoast-seo-wordpress\/ -->\n<title>Wednesday, 19 February 2020 - BauZ!<\/title>\n<meta name=\"robots\" content=\"index, follow, max-snippet:-1, max-image-preview:large, max-video-preview:-1\" \/>\n<link rel=\"canonical\" href=\"https:\/\/www.bauz.at\/en\/wednesday-19-february-2020-2\/\" \/>\n<meta property=\"og:locale\" content=\"en_US\" \/>\n<meta property=\"og:type\" content=\"article\" \/>\n<meta property=\"og:title\" content=\"Wednesday, 19 February 2020 - BauZ!\" \/>\n<meta property=\"og:description\" content=\"9:00 &#8211; 17:00&nbsp;Architecture field trip. Guide: Ulla Unzeitig, Open House Vienna Our architecture field trip provides you with best practice examples as well as unique Viennese building projects and urban developments. Ticket for public transport required! 08:30 Meeting point U2 Messe\/Prater metro stop, exit &#8220;Messe&#8221; 09:15 Treffpunkt: Schanzstra\u00dfe 14, 1150 Wien. Zufahrt: U3 Johnstra\u00dfe, Ausgang [&hellip;]\" \/>\n<meta property=\"og:url\" content=\"https:\/\/www.bauz.at\/en\/wednesday-19-february-2020-2\/\" \/>\n<meta property=\"og:site_name\" content=\"BauZ!\" \/>\n<meta property=\"article:modified_time\" content=\"2020-01-28T09:08:33+00:00\" \/>\n<meta name=\"twitter:card\" content=\"summary_large_image\" \/>\n<meta name=\"twitter:label1\" content=\"Est. reading time\" \/>\n\t<meta name=\"twitter:data1\" content=\"3 minutes\" \/>\n<script type=\"application\/ld+json\" class=\"yoast-schema-graph\">{\"@context\":\"https:\\\/\\\/schema.org\",\"@graph\":[{\"@type\":\"WebPage\",\"@id\":\"https:\\\/\\\/www.bauz.at\\\/en\\\/wednesday-19-february-2020-2\\\/\",\"url\":\"https:\\\/\\\/www.bauz.at\\\/en\\\/wednesday-19-february-2020-2\\\/\",\"name\":\"Wednesday, 19 February 2020 - BauZ!\",\"isPartOf\":{\"@id\":\"https:\\\/\\\/www.bauz.at\\\/#website\"},\"datePublished\":\"2019-12-02T10:28:13+00:00\",\"dateModified\":\"2020-01-28T09:08:33+00:00\",\"breadcrumb\":{\"@id\":\"https:\\\/\\\/www.bauz.at\\\/en\\\/wednesday-19-february-2020-2\\\/#breadcrumb\"},\"inLanguage\":\"en-US\",\"potentialAction\":[{\"@type\":\"ReadAction\",\"target\":[\"https:\\\/\\\/www.bauz.at\\\/en\\\/wednesday-19-february-2020-2\\\/\"]}]},{\"@type\":\"BreadcrumbList\",\"@id\":\"https:\\\/\\\/www.bauz.at\\\/en\\\/wednesday-19-february-2020-2\\\/#breadcrumb\",\"itemListElement\":[{\"@type\":\"ListItem\",\"position\":1,\"name\":\"Startseite\",\"item\":\"https:\\\/\\\/www.bauz.at\\\/\"},{\"@type\":\"ListItem\",\"position\":2,\"name\":\"Wednesday, 19 February 2020\"}]},{\"@type\":\"WebSite\",\"@id\":\"https:\\\/\\\/www.bauz.at\\\/#website\",\"url\":\"https:\\\/\\\/www.bauz.at\\\/\",\"name\":\"BauZ!\",\"description\":\"International Congress subsequent to the Advantage Austria B2B Matchmaking Event \\\"Future of Building\\\"\",\"publisher\":{\"@id\":\"https:\\\/\\\/www.bauz.at\\\/#organization\"},\"potentialAction\":[{\"@type\":\"SearchAction\",\"target\":{\"@type\":\"EntryPoint\",\"urlTemplate\":\"https:\\\/\\\/www.bauz.at\\\/?s={search_term_string}\"},\"query-input\":{\"@type\":\"PropertyValueSpecification\",\"valueRequired\":true,\"valueName\":\"search_term_string\"}}],\"inLanguage\":\"en-US\"},{\"@type\":\"Organization\",\"@id\":\"https:\\\/\\\/www.bauz.at\\\/#organization\",\"name\":\"BauZ!\",\"url\":\"https:\\\/\\\/www.bauz.at\\\/\",\"logo\":{\"@type\":\"ImageObject\",\"inLanguage\":\"en-US\",\"@id\":\"https:\\\/\\\/www.bauz.at\\\/#\\\/schema\\\/logo\\\/image\\\/\",\"url\":\"https:\\\/\\\/www.bauz.at\\\/wp-content\\\/uploads\\\/2022\\\/04\\\/bauz_logo640.jpg\",\"contentUrl\":\"https:\\\/\\\/www.bauz.at\\\/wp-content\\\/uploads\\\/2022\\\/04\\\/bauz_logo640.jpg\",\"width\":680,\"height\":290,\"caption\":\"BauZ!\"},\"image\":{\"@id\":\"https:\\\/\\\/www.bauz.at\\\/#\\\/schema\\\/logo\\\/image\\\/\"}}]}<\/script>\n<!-- \/ Yoast SEO plugin. -->","yoast_head_json":{"title":"Wednesday, 19 February 2020 - BauZ!","robots":{"index":"index","follow":"follow","max-snippet":"max-snippet:-1","max-image-preview":"max-image-preview:large","max-video-preview":"max-video-preview:-1"},"canonical":"https:\/\/www.bauz.at\/en\/wednesday-19-february-2020-2\/","og_locale":"en_US","og_type":"article","og_title":"Wednesday, 19 February 2020 - BauZ!","og_description":"9:00 &#8211; 17:00&nbsp;Architecture field trip. Guide: Ulla Unzeitig, Open House Vienna Our architecture field trip provides you with best practice examples as well as unique Viennese building projects and urban developments. Ticket for public transport required! 08:30 Meeting point U2 Messe\/Prater metro stop, exit &#8220;Messe&#8221; 09:15 Treffpunkt: Schanzstra\u00dfe 14, 1150 Wien. Zufahrt: U3 Johnstra\u00dfe, Ausgang [&hellip;]","og_url":"https:\/\/www.bauz.at\/en\/wednesday-19-february-2020-2\/","og_site_name":"BauZ!","article_modified_time":"2020-01-28T09:08:33+00:00","twitter_card":"summary_large_image","twitter_misc":{"Est. reading time":"3 minutes"},"schema":{"@context":"https:\/\/schema.org","@graph":[{"@type":"WebPage","@id":"https:\/\/www.bauz.at\/en\/wednesday-19-february-2020-2\/","url":"https:\/\/www.bauz.at\/en\/wednesday-19-february-2020-2\/","name":"Wednesday, 19 February 2020 - BauZ!","isPartOf":{"@id":"https:\/\/www.bauz.at\/#website"},"datePublished":"2019-12-02T10:28:13+00:00","dateModified":"2020-01-28T09:08:33+00:00","breadcrumb":{"@id":"https:\/\/www.bauz.at\/en\/wednesday-19-february-2020-2\/#breadcrumb"},"inLanguage":"en-US","potentialAction":[{"@type":"ReadAction","target":["https:\/\/www.bauz.at\/en\/wednesday-19-february-2020-2\/"]}]},{"@type":"BreadcrumbList","@id":"https:\/\/www.bauz.at\/en\/wednesday-19-february-2020-2\/#breadcrumb","itemListElement":[{"@type":"ListItem","position":1,"name":"Startseite","item":"https:\/\/www.bauz.at\/"},{"@type":"ListItem","position":2,"name":"Wednesday, 19 February 2020"}]},{"@type":"WebSite","@id":"https:\/\/www.bauz.at\/#website","url":"https:\/\/www.bauz.at\/","name":"BauZ!","description":"International Congress subsequent to the Advantage Austria B2B Matchmaking Event \"Future of Building\"","publisher":{"@id":"https:\/\/www.bauz.at\/#organization"},"potentialAction":[{"@type":"SearchAction","target":{"@type":"EntryPoint","urlTemplate":"https:\/\/www.bauz.at\/?s={search_term_string}"},"query-input":{"@type":"PropertyValueSpecification","valueRequired":true,"valueName":"search_term_string"}}],"inLanguage":"en-US"},{"@type":"Organization","@id":"https:\/\/www.bauz.at\/#organization","name":"BauZ!","url":"https:\/\/www.bauz.at\/","logo":{"@type":"ImageObject","inLanguage":"en-US","@id":"https:\/\/www.bauz.at\/#\/schema\/logo\/image\/","url":"https:\/\/www.bauz.at\/wp-content\/uploads\/2022\/04\/bauz_logo640.jpg","contentUrl":"https:\/\/www.bauz.at\/wp-content\/uploads\/2022\/04\/bauz_logo640.jpg","width":680,"height":290,"caption":"BauZ!"},"image":{"@id":"https:\/\/www.bauz.at\/#\/schema\/logo\/image\/"}}]}},"_links":{"self":[{"href":"https:\/\/www.bauz.at\/en\/wp-json\/wp\/v2\/pages\/11752","targetHints":{"allow":["GET"]}}],"collection":[{"href":"https:\/\/www.bauz.at\/en\/wp-json\/wp\/v2\/pages"}],"about":[{"href":"https:\/\/www.bauz.at\/en\/wp-json\/wp\/v2\/types\/page"}],"author":[{"embeddable":true,"href":"https:\/\/www.bauz.at\/en\/wp-json\/wp\/v2\/users\/5"}],"replies":[{"embeddable":true,"href":"https:\/\/www.bauz.at\/en\/wp-json\/wp\/v2\/comments?post=11752"}],"version-history":[{"count":14,"href":"https:\/\/www.bauz.at\/en\/wp-json\/wp\/v2\/pages\/11752\/revisions"}],"predecessor-version":[{"id":13003,"href":"https:\/\/www.bauz.at\/en\/wp-json\/wp\/v2\/pages\/11752\/revisions\/13003"}],"wp:attachment":[{"href":"https:\/\/www.bauz.at\/en\/wp-json\/wp\/v2\/media?parent=11752"}],"curies":[{"name":"wp","href":"https:\/\/api.w.org\/{rel}","templated":true}]}}